{"id":12,"date":"2023-02-09T09:10:41","date_gmt":"2023-02-09T09:10:41","guid":{"rendered":"http:\/\/mstefw.website\/?page_id=12"},"modified":"2023-03-07T17:12:29","modified_gmt":"2023-03-07T17:12:29","slug":"aeronautique","status":"publish","type":"page","link":"https:\/\/mstefw.website\/?page_id=12","title":{"rendered":"A\u00e9ronautique"},"content":{"rendered":"\n<div class=\"wp-block-columns alignwide has-background is-layout-flex wp-container-core-columns-is-layout-28f84493 wp-block-columns-is-layout-flex\" style=\"background-color:#262828\">\n<div class=\"wp-block-column has-white-color has-text-color has-large-font-size is-layout-flow wp-block-column-is-layout-flow\">\n<figure class=\"wp-block-image size-large\"><a href=\"https:\/\/mstefw.website\/wp-content\/uploads\/2023\/03\/111781814_o.jpg\"><img loading=\"lazy\" decoding=\"async\" width=\"1024\" height=\"727\" src=\"https:\/\/mstefw.website\/wp-content\/uploads\/2023\/02\/SuperContellation-1024x727.jpg\" alt=\"\" class=\"wp-image-187\" srcset=\"https:\/\/mstefw.website\/wp-content\/uploads\/2023\/02\/SuperContellation-1024x727.jpg 1024w, https:\/\/mstefw.website\/wp-content\/uploads\/2023\/02\/SuperContellation-300x213.jpg 300w, https:\/\/mstefw.website\/wp-content\/uploads\/2023\/02\/SuperContellation-768x545.jpg 768w, https:\/\/mstefw.website\/wp-content\/uploads\/2023\/02\/SuperContellation-1536x1091.jpg 1536w, https:\/\/mstefw.website\/wp-content\/uploads\/2023\/02\/SuperContellation-1200x852.jpg 1200w, https:\/\/mstefw.website\/wp-content\/uploads\/2023\/02\/SuperContellation-1980x1406.jpg 1980w, https:\/\/mstefw.website\/wp-content\/uploads\/2023\/02\/SuperContellation.jpg 2000w\" sizes=\"auto, (max-width: 1024px) 100vw, 1024px\" \/><\/a><\/figure>\n\n\n\n<p class=\"has-small-font-size\"> <a href=\"https:\/\/mstefw.website\/wp-content\/uploads\/2023\/03\/super-constellation-lockheed-1920x1200-wallpaper523054.jpg\" target=\"_blank\" rel=\"noreferrer noopener\">Le mythique Superconstellation<\/a><\/p>\n<\/div>\n\n\n\n<div class=\"wp-block-column has-large-font-size is-layout-flow wp-block-column-is-layout-flow\">\n<div class=\"wp-block-columns alignwide has-background is-layout-flex wp-container-core-columns-is-layout-28f84493 wp-block-columns-is-layout-flex\" style=\"background-color:#262828\">\n<div class=\"wp-block-column is-layout-flow wp-block-column-is-layout-flow\">\n<p class=\"has-white-color has-text-color has-background has-small-font-size\" style=\"background-color:#6e6c6c\">Mon int\u00e9r\u00eat pour les avions a commenc\u00e9 d\u00e8s que j\u2019ai eu 7 ans.<\/p>\n\n\n\n<p class=\"has-white-color has-text-color has-background has-small-font-size\" style=\"background-color:#6e6c6c\">A l\u2019\u00e9poque nous habitions chez mes grands-parents \u00e0 Brunoy et le soir j\u2019entendais passer au-dessus de la maison les <a href=\"https:\/\/mstefw.website\/wp-content\/uploads\/2023\/03\/0593204.jpg\" target=\"_blank\" rel=\"noreferrer noopener\">Superconstellations<\/a> qui allaient se poser \u00e0 Orly avec leur ronflement caract\u00e9ristique.<\/p>\n<\/div>\n<\/div>\n<\/div>\n<\/div>\n\n\n\n<div class=\"wp-block-columns alignwide has-background is-layout-flex wp-container-core-columns-is-layout-28f84493 wp-block-columns-is-layout-flex\" style=\"background-color:#262828\">\n<div class=\"wp-block-column is-layout-flow wp-block-column-is-layout-flow\">\n<div class=\"wp-block-columns is-layout-flex wp-container-core-columns-is-layout-28f84493 wp-block-columns-is-layout-flex\">\n<div class=\"wp-block-column has-background is-layout-flow wp-block-column-is-layout-flow\" style=\"background-color:#262828\">\n<p class=\"has-white-color has-text-color has-background\" style=\"background-color:#6e6c6c\">Depuis cet \u00e2ge mon but \u00e9tait d\u2019\u00eatre Pilote de ligne.<\/p>\n\n\n\n<p class=\"has-white-color has-text-color has-background\" style=\"background-color:#6e6c6c\">Mais il me faudra attendre l&rsquo;\u00e2ge de 17 ans pour prendre mon bapt\u00eame de l&rsquo;air, sur <a rel=\"noreferrer noopener\" href=\"https:\/\/mstefw.website\/wp-content\/uploads\/2023\/02\/pipercubsol.jpg\" target=\"_blank\">Piper-Cub<\/a>, avion sur lequel je passerai mon 1er degr\u00e9 (d\u00e9sormais: brevet de base de pilote d&rsquo;avion).<\/p>\n<\/div>\n<\/div>\n<\/div>\n<\/div>\n\n\n\n<div class=\"wp-block-columns alignwide has-background is-layout-flex wp-container-core-columns-is-layout-28f84493 wp-block-columns-is-layout-flex\" style=\"background-color:#262828\">\n<div class=\"wp-block-column is-layout-flow wp-block-column-is-layout-flow\">\n<div class=\"wp-block-columns is-layout-flex wp-container-core-columns-is-layout-28f84493 wp-block-columns-is-layout-flex\">\n<div class=\"wp-block-column has-background is-layout-flow wp-block-column-is-layout-flow\" style=\"background-color:#262828\">\n<p class=\"has-text-align-center has-text-color has-background\" style=\"color:#2da2ea;background-color:#6e6c6c\"><a href=\"https:\/\/mstefw.website\/?page_id=139\">L&rsquo;A\u00e9ro-club<\/a><\/p>\n<\/div>\n<\/div>\n<\/div>\n<\/div>\n","protected":false},"excerpt":{"rendered":"<p>Le mythique Superconstellation Mon int\u00e9r\u00eat pour les avions a commenc\u00e9 d\u00e8s que j\u2019ai eu 7 ans. A l\u2019\u00e9poque nous habitions chez mes grands-parents \u00e0 Brunoy et le soir j\u2019entendais passer au-dessus de la maison les Superconstellations qui allaient se poser \u00e0 Orly avec leur ronflement caract\u00e9ristique. Depuis cet \u00e2ge mon but \u00e9tait d\u2019\u00eatre Pilote de [&hellip;]<\/p>\n","protected":false},"author":1,"featured_media":0,"parent":0,"menu_order":0,"comment_status":"closed","ping_status":"closed","template":"","meta":{"footnotes":""},"class_list":["post-12","page","type-page","status-publish","hentry"],"_links":{"self":[{"href":"https:\/\/mstefw.website\/index.php?rest_route=\/wp\/v2\/pages\/12","targetHints":{"allow":["GET"]}}],"collection":[{"href":"https:\/\/mstefw.website\/index.php?rest_route=\/wp\/v2\/pages"}],"about":[{"href":"https:\/\/mstefw.website\/index.php?rest_route=\/wp\/v2\/types\/page"}],"author":[{"embeddable":true,"href":"https:\/\/mstefw.website\/index.php?rest_route=\/wp\/v2\/users\/1"}],"replies":[{"embeddable":true,"href":"https:\/\/mstefw.website\/index.php?rest_route=%2Fwp%2Fv2%2Fcomments&post=12"}],"version-history":[{"count":0,"href":"https:\/\/mstefw.website\/index.php?rest_route=\/wp\/v2\/pages\/12\/revisions"}],"wp:attachment":[{"href":"https:\/\/mstefw.website\/index.php?rest_route=%2Fwp%2Fv2%2Fmedia&parent=12"}],"curies":[{"name":"wp","href":"https:\/\/api.w.org\/{rel}","templated":true}]}}