{"id":139,"date":"2023-02-09T09:39:04","date_gmt":"2023-02-09T09:39:04","guid":{"rendered":"https:\/\/mstefw-website.preview-domain.com\/?page_id=139"},"modified":"2023-03-07T17:18:27","modified_gmt":"2023-03-07T17:18:27","slug":"aero-club","status":"publish","type":"page","link":"https:\/\/mstefw.website\/?page_id=139","title":{"rendered":"A\u00e9ro-club"},"content":{"rendered":"\n<div class=\"wp-block-columns alignwide has-background is-layout-flex wp-container-core-columns-is-layout-28f84493 wp-block-columns-is-layout-flex\" style=\"background-color:#262828\">\n<div class=\"wp-block-column has-white-color has-text-color has-large-font-size is-layout-flow wp-block-column-is-layout-flow\">\n<div class=\"wp-block-columns has-background is-layout-flex wp-container-core-columns-is-layout-28f84493 wp-block-columns-is-layout-flex\" style=\"background-color:#262828\">\n<div class=\"wp-block-column has-background is-layout-flow wp-block-column-is-layout-flow\" style=\"background-color:#6e6c6c\">\n<p class=\"has-background has-small-font-size\" style=\"background-color:#6e6c6c\">Les choses s\u00e9rieuses commencent!<\/p>\n\n\n\n<p class=\"has-background has-small-font-size\" style=\"background-color:#6e6c6c\">Je profite du fait que je viens travailler les 2 mois d&rsquo;\u00e9t\u00e9 chez mon fr\u00e8re qui tenait un h\u00f4tel-restaurant \u00e0 Chabris pour m&rsquo;inscrire \u00e0 l&rsquo;a\u00e9ro-club de Romorantin afin de passer mon premier degr\u00e9, sur <a rel=\"noreferrer noopener\" href=\"https:\/\/mstefw.website\/wp-content\/uploads\/2023\/02\/Pipercubvol2.jpg\" target=\"_blank\">Piper-Cub<\/a>.<\/p>\n\n\n\n<p class=\"has-background has-small-font-size\" style=\"background-color:#6e6c6c\">A la fin de la saison, le brevet en poche, je reviens chez moi.<\/p>\n<\/div>\n<\/div>\n<\/div>\n\n\n\n<div class=\"wp-block-column has-large-font-size is-layout-flow wp-block-column-is-layout-flow\">\n<figure class=\"wp-block-image size-large\"><a href=\"https:\/\/mstefw.website\/wp-content\/uploads\/2023\/02\/Pipercubvol2.jpg\"><img loading=\"lazy\" decoding=\"async\" width=\"1024\" height=\"682\" src=\"https:\/\/mstefw.website\/wp-content\/uploads\/2023\/02\/pipercubsol-1024x682.jpg\" alt=\"\" class=\"wp-image-185\" srcset=\"https:\/\/mstefw.website\/wp-content\/uploads\/2023\/02\/pipercubsol-1024x682.jpg 1024w, https:\/\/mstefw.website\/wp-content\/uploads\/2023\/02\/pipercubsol-300x200.jpg 300w, https:\/\/mstefw.website\/wp-content\/uploads\/2023\/02\/pipercubsol-768x512.jpg 768w, https:\/\/mstefw.website\/wp-content\/uploads\/2023\/02\/pipercubsol-1536x1024.jpg 1536w, https:\/\/mstefw.website\/wp-content\/uploads\/2023\/02\/pipercubsol-1200x800.jpg 1200w, https:\/\/mstefw.website\/wp-content\/uploads\/2023\/02\/pipercubsol-1980x1320.jpg 1980w, https:\/\/mstefw.website\/wp-content\/uploads\/2023\/02\/pipercubsol.jpg 2000w\" sizes=\"auto, (max-width: 1024px) 100vw, 1024px\" \/><\/a><\/figure>\n\n\n\n<p class=\"has-white-color has-text-color has-normal-font-size\"><a href=\"https:\/\/mstefw.website\/wp-content\/uploads\/2023\/02\/Pipercubvol2.jpg\" target=\"_blank\" rel=\"noreferrer noopener\">Piper-cub J3<\/a><\/p>\n<\/div>\n<\/div>\n\n\n\n<div class=\"wp-block-columns alignwide has-background is-layout-flex wp-container-core-columns-is-layout-28f84493 wp-block-columns-is-layout-flex\" style=\"background-color:#262828\">\n<div class=\"wp-block-column is-layout-flow wp-block-column-is-layout-flow\">\n<div class=\"wp-block-columns are-vertically-aligned-top has-background is-layout-flex wp-container-core-columns-is-layout-28f84493 wp-block-columns-is-layout-flex\" style=\"background-color:#262828\">\n<div class=\"wp-block-column is-vertically-aligned-top has-background is-layout-flow wp-block-column-is-layout-flow\" style=\"background-color:#6e6c6c\">\n<p class=\"has-white-color has-text-color has-background\" style=\"background-color:#6e6c6c\">Il me faut maintenant passer le deuxi\u00e8me degr\u00e9 (version \u00e9labor\u00e9e du brevet de pilote qui permet de voler sans limitation de distance). C&rsquo;est \u00e0 l&rsquo;a\u00e9ro-club de Beauvais que je m&rsquo;inscris, et je fais mon stage sur <a href=\"https:\/\/mstefw.website\/wp-content\/uploads\/2023\/02\/Piper90.jpg\">Piper-90cv<\/a>, version plus puissante du pr\u00e9c\u00e9dent.<\/p>\n\n\n\n<p class=\"has-white-color has-text-color has-background\" style=\"background-color:#6e6c6c\">A l&rsquo;issue je d\u00e9couvre plusieurs types d&rsquo;appareils, en particulier le <a href=\"https:\/\/mstefw.website\/wp-content\/uploads\/2023\/02\/BB-jodel.jpg\" target=\"_blank\" rel=\"noreferrer noopener\">BB Jodel<\/a>, rudimentaire mais tellement plaisant!<\/p>\n\n\n\n<p class=\"has-white-color has-text-color has-background\" style=\"background-color:#6e6c6c\">Puis premier vol dos sur <a href=\"https:\/\/mstefw.website\/wp-content\/uploads\/2023\/02\/Stampe-SV4.jpg\" target=\"_blank\" rel=\"noreferrer noopener\">Stampe SV4<\/a>, avion biplan.<\/p>\n\n\n\n<p class=\"has-white-color has-text-color has-background\" style=\"background-color:#6e6c6c\">D&rsquo;autres avions dont les <a rel=\"noreferrer noopener\" href=\"https:\/\/mstefw.website\/wp-content\/uploads\/2023\/02\/D112-scaled.jpg\" target=\"_blank\">Jodels D112<\/a>, <a rel=\"noreferrer noopener\" href=\"https:\/\/mstefw.website\/wp-content\/uploads\/2023\/02\/Sicile.jpg\" target=\"_blank\">Sicile<\/a>, <a rel=\"noreferrer noopener\" href=\"https:\/\/mstefw.website\/wp-content\/uploads\/2023\/02\/Ambassadeur.jpg\" target=\"_blank\">Ambassadeur<\/a>, <a href=\"https:\/\/mstefw.website\/wp-content\/uploads\/2023\/02\/MS880.jpg\" target=\"_blank\" rel=\"noreferrer noopener\">MS 880<\/a> et <a href=\"https:\/\/mstefw.website\/wp-content\/uploads\/2023\/02\/MS-892.jpg\" target=\"_blank\" rel=\"noreferrer noopener\">892<\/a>, <a href=\"https:\/\/mstefw.website\/wp-content\/uploads\/2023\/02\/RF3-e1676742013749.jpg\" target=\"_blank\" rel=\"noreferrer noopener\">RF3 (avion-planeur<\/a>)\u2026<\/p>\n<\/div>\n<\/div>\n<\/div>\n\n\n\n<div class=\"wp-block-column is-layout-flow wp-block-column-is-layout-flow\">\n<div class=\"wp-block-columns is-layout-flex wp-container-core-columns-is-layout-28f84493 wp-block-columns-is-layout-flex\">\n<div class=\"wp-block-column has-background is-layout-flow wp-block-column-is-layout-flow\" style=\"background-color:#262828\">\n<div class=\"wp-block-columns is-layout-flex wp-container-core-columns-is-layout-28f84493 wp-block-columns-is-layout-flex\">\n<div class=\"wp-block-column is-layout-flow wp-block-column-is-layout-flow\">\n<figure class=\"wp-block-image size-large\"><a href=\"https:\/\/mstefw.website\/wp-content\/uploads\/2023\/02\/BB-jodel.jpg\"><img loading=\"lazy\" decoding=\"async\" width=\"1024\" height=\"683\" src=\"https:\/\/mstefw.website\/wp-content\/uploads\/2023\/02\/BB-jodel-1024x683.jpg\" alt=\"\" class=\"wp-image-320\" srcset=\"https:\/\/mstefw.website\/wp-content\/uploads\/2023\/02\/BB-jodel-1024x683.jpg 1024w, https:\/\/mstefw.website\/wp-content\/uploads\/2023\/02\/BB-jodel-300x200.jpg 300w, https:\/\/mstefw.website\/wp-content\/uploads\/2023\/02\/BB-jodel-768x512.jpg 768w, https:\/\/mstefw.website\/wp-content\/uploads\/2023\/02\/BB-jodel-1536x1025.jpg 1536w, https:\/\/mstefw.website\/wp-content\/uploads\/2023\/02\/BB-jodel-1200x800.jpg 1200w, https:\/\/mstefw.website\/wp-content\/uploads\/2023\/02\/BB-jodel-1980x1321.jpg 1980w, https:\/\/mstefw.website\/wp-content\/uploads\/2023\/02\/BB-jodel.jpg 2000w\" sizes=\"auto, (max-width: 1024px) 100vw, 1024px\" \/><\/a><\/figure>\n\n\n\n<p class=\"has-white-color has-text-color\"><a rel=\"noreferrer noopener\" href=\"https:\/\/mstefw.website\/wp-content\/uploads\/2023\/02\/BB-jodel.jpg\" target=\"_blank\">BB Jodel<\/a><\/p>\n<\/div>\n<\/div>\n<\/div>\n<\/div>\n<\/div>\n<\/div>\n\n\n\n<div class=\"wp-block-columns alignwide has-background is-layout-flex wp-container-core-columns-is-layout-28f84493 wp-block-columns-is-layout-flex\" style=\"background-color:#262828\">\n<div class=\"wp-block-column is-layout-flow wp-block-column-is-layout-flow\">\n<div class=\"wp-block-columns alignwide is-layout-flex wp-container-core-columns-is-layout-28f84493 wp-block-columns-is-layout-flex\">\n<div class=\"wp-block-column is-vertically-aligned-top is-layout-flow wp-block-column-is-layout-flow\">\n<figure class=\"wp-block-image size-full\"><a href=\"https:\/\/mstefw.website\/wp-content\/uploads\/2023\/02\/ASK-13-e1676742311391.jpg\"><img loading=\"lazy\" decoding=\"async\" width=\"520\" height=\"390\" src=\"https:\/\/mstefw.website\/wp-content\/uploads\/2023\/02\/ASK-13-e1676742311391.jpg\" alt=\"\" class=\"wp-image-372\" srcset=\"https:\/\/mstefw.website\/wp-content\/uploads\/2023\/02\/ASK-13-e1676742311391.jpg 520w, https:\/\/mstefw.website\/wp-content\/uploads\/2023\/02\/ASK-13-e1676742311391-300x225.jpg 300w\" sizes=\"auto, (max-width: 520px) 100vw, 520px\" \/><\/a><\/figure>\n\n\n\n<p class=\"has-white-color has-text-color\"><a href=\"https:\/\/mstefw.website\/wp-content\/uploads\/2023\/02\/ASK-13-e1676742311391.jpg\" target=\"_blank\" rel=\"noreferrer noopener\">ASK 13<\/a><\/p>\n<\/div>\n<\/div>\n<\/div>\n\n\n\n<div class=\"wp-block-column is-layout-flow wp-block-column-is-layout-flow\">\n<div class=\"wp-block-columns has-background is-layout-flex wp-container-core-columns-is-layout-28f84493 wp-block-columns-is-layout-flex\" style=\"background-color:#262828\">\n<div class=\"wp-block-column has-background is-layout-flow wp-block-column-is-layout-flow\" style=\"background-color:#6e6c6c\">\n<p class=\"has-white-color has-text-color has-background\" style=\"background-color:#6e6c6c\">Mais je dois partir faire mon service militaire. Je suis affect\u00e9 \u00e0 la BA 102 de Dijon.<\/p>\n\n\n\n<p class=\"has-white-color has-text-color has-background\" style=\"background-color:#6e6c6c\">J&rsquo;en profite pour m&rsquo;essayer au planeur. Je m&rsquo;inscris donc \u00e0 l&rsquo;A\u00e9ro-Club de Dijon Darois. Formation sur <a rel=\"noreferrer noopener\" href=\"https:\/\/mstefw.website\/wp-content\/uploads\/2023\/02\/ASK-13-e1676742311391.jpg\" target=\"_blank\">ASK 13<\/a> (d&rsquo;allure particuli\u00e8re avec sa fl\u00e8che invers\u00e9e!), puis l\u00e2cher sur <a href=\"https:\/\/mstefw.website\/wp-content\/uploads\/2023\/03\/IMG_1491b-1_870.jpg\" target=\"_blank\" rel=\"noreferrer noopener\">Javelot<\/a><\/p>\n\n\n\n<p class=\"has-white-color has-text-color has-background\" style=\"background-color:#6e6c6c\">Occasionnellement j&rsquo;ai l&rsquo;opportunit\u00e9 de faire un vol en <a href=\"https:\/\/mstefw.website\/wp-content\/uploads\/2023\/02\/fougasol2.jpg\" target=\"_blank\" rel=\"noreferrer noopener\">Fouga-Magister<\/a> \u00e0 la base a\u00e9rienne (premi\u00e8re fois que je suis malade en avion!).<\/p>\n<\/div>\n<\/div>\n<\/div>\n<\/div>\n\n\n\n<div class=\"wp-block-columns alignwide has-background is-layout-flex wp-container-core-columns-is-layout-28f84493 wp-block-columns-is-layout-flex\" style=\"background-color:#262828\">\n<div class=\"wp-block-column has-background is-layout-flow wp-block-column-is-layout-flow\" style=\"background-color:#262828\">\n<div class=\"wp-block-columns are-vertically-aligned-top has-background is-layout-flex wp-container-core-columns-is-layout-28f84493 wp-block-columns-is-layout-flex\" style=\"background-color:#262828\">\n<div class=\"wp-block-column is-vertically-aligned-top is-layout-flow wp-block-column-is-layout-flow\">\n<p class=\"has-white-color has-text-color has-background\" style=\"background-color:#6e6c6c\">De retour \u00e0 Beauvais je continue les heures de vol pendant une ann\u00e9e environ. Je m&rsquo;essaie \u00e0 la voltige \u00e0 l&rsquo;A\u00e9ro-Club d&rsquo;Amiens sur <a rel=\"noreferrer noopener\" href=\"https:\/\/mstefw.website\/wp-content\/uploads\/2023\/02\/zlin.jpg\" target=\"_blank\">Zlin<\/a>. Malheureusement mon moniteur est victime d&rsquo;une panne moteur au d\u00e9collage et se tue en essayant de revenir vers la piste\u2026<\/p>\n\n\n\n<p class=\"has-white-color has-text-color has-background\" style=\"background-color:#6e6c6c\">Puis je pars en Bretagne, \u00e0 St Brieuc. Je continue les heures \u00e0 l&rsquo;A\u00e9ro-Club de Dinan o\u00f9 je d\u00e9couvre de nouveaux avions, <a rel=\"noreferrer noopener\" href=\"https:\/\/mstefw.website\/wp-content\/uploads\/2023\/02\/D-120.jpg\" target=\"_blank\">Jodels D120<\/a>, <a rel=\"noreferrer noopener\" href=\"https:\/\/mstefw.website\/wp-content\/uploads\/2023\/02\/Mousquetaire-1.jpg\" target=\"_blank\">D 140<\/a>, <a href=\"https:\/\/mstefw.website\/wp-content\/uploads\/2023\/02\/DR220.jpg\" target=\"_blank\" rel=\"noreferrer noopener\">DR 220<\/a>, <a href=\"https:\/\/mstefw.website\/wp-content\/uploads\/2023\/02\/wa51_52.jpg\" target=\"_blank\" rel=\"noreferrer noopener\">Wassmer 51<\/a>, <a href=\"https:\/\/mstefw.website\/wp-content\/uploads\/2023\/02\/Cessna_F172.jpg\" target=\"_blank\" rel=\"noreferrer noopener\">Cessna 172<\/a>\u2026<\/p>\n\n\n\n<p class=\"has-white-color has-text-color has-background\" style=\"background-color:#6e6c6c\">Parall\u00e8lement je tentais de passer les certificats th\u00e9oriques du brevet de pilote professionnel de 1\u00e8re classe, premi\u00e8re \u00e9tape avant le brevet de pilote de ligne. Mais sans connaissances ni conseils je n&rsquo;y arrivais pas. De plus, le march\u00e9 de l&#8217;emploi dans ce domaine \u00e9tait compl\u00e8tement bouch\u00e9. J&rsquo;envisageais donc de m&rsquo;orienter vers un autre m\u00e9tier. Et c&rsquo;est en consultant les affiches de l&rsquo;agence pour l&#8217;emploi que je sus que l&rsquo;A\u00e9ronavale recrutait et que la limite d&rsquo;\u00e2ge me permettait de postuler!<\/p>\n<\/div>\n<\/div>\n<\/div>\n<\/div>\n\n\n\n<div class=\"wp-block-columns alignwide is-layout-flex wp-container-core-columns-is-layout-28f84493 wp-block-columns-is-layout-flex\">\n<div class=\"wp-block-column has-background is-layout-flow wp-block-column-is-layout-flow\" style=\"background-color:#262828\">\n<div class=\"wp-block-columns is-layout-flex wp-container-core-columns-is-layout-28f84493 wp-block-columns-is-layout-flex\">\n<div class=\"wp-block-column has-background is-layout-flow wp-block-column-is-layout-flow\" style=\"background-color:#262828\">\n<p class=\"has-text-align-center has-text-color has-background\" style=\"color:#2da2ea;background-color:#6e6c6c\"><a href=\"https:\/\/mstefw.website\/?page_id=141\">L&rsquo;A\u00e9ronavale<\/a><\/p>\n<\/div>\n<\/div>\n<\/div>\n<\/div>\n","protected":false},"excerpt":{"rendered":"<p>Les choses s\u00e9rieuses commencent! Je profite du fait que je viens travailler les 2 mois d&rsquo;\u00e9t\u00e9 chez mon fr\u00e8re qui tenait un h\u00f4tel-restaurant \u00e0 Chabris pour m&rsquo;inscrire \u00e0 l&rsquo;a\u00e9ro-club de Romorantin afin de passer mon premier degr\u00e9, sur Piper-Cub. A la fin de la saison, le brevet en poche, je reviens chez moi. Piper-cub J3 [&hellip;]<\/p>\n","protected":false},"author":1,"featured_media":0,"parent":0,"menu_order":0,"comment_status":"closed","ping_status":"closed","template":"","meta":{"footnotes":""},"class_list":["post-139","page","type-page","status-publish","hentry"],"_links":{"self":[{"href":"https:\/\/mstefw.website\/index.php?rest_route=\/wp\/v2\/pages\/139","targetHints":{"allow":["GET"]}}],"collection":[{"href":"https:\/\/mstefw.website\/index.php?rest_route=\/wp\/v2\/pages"}],"about":[{"href":"https:\/\/mstefw.website\/index.php?rest_route=\/wp\/v2\/types\/page"}],"author":[{"embeddable":true,"href":"https:\/\/mstefw.website\/index.php?rest_route=\/wp\/v2\/users\/1"}],"replies":[{"embeddable":true,"href":"https:\/\/mstefw.website\/index.php?rest_route=%2Fwp%2Fv2%2Fcomments&post=139"}],"version-history":[{"count":1,"href":"https:\/\/mstefw.website\/index.php?rest_route=\/wp\/v2\/pages\/139\/revisions"}],"predecessor-version":[{"id":1215,"href":"https:\/\/mstefw.website\/index.php?rest_route=\/wp\/v2\/pages\/139\/revisions\/1215"}],"wp:attachment":[{"href":"https:\/\/mstefw.website\/index.php?rest_route=%2Fwp%2Fv2%2Fmedia&parent=139"}],"curies":[{"name":"wp","href":"https:\/\/api.w.org\/{rel}","templated":true}]}}