{"id":792,"date":"2023-03-07T16:07:41","date_gmt":"2023-03-07T16:07:41","guid":{"rendered":"https:\/\/mstefw.website\/?page_id=792"},"modified":"2023-03-15T17:23:50","modified_gmt":"2023-03-15T17:23:50","slug":"ma-musique","status":"publish","type":"page","link":"https:\/\/mstefw.website\/?page_id=792","title":{"rendered":"Ma musique"},"content":{"rendered":"\n<div class=\"wp-block-columns alignwide has-background is-layout-flex wp-container-core-columns-is-layout-28f84493 wp-block-columns-is-layout-flex\" style=\"background-color:#262828\">\n<div class=\"wp-block-column is-layout-flow wp-block-column-is-layout-flow\">\n<p class=\"has-primary-color has-text-color has-background\" style=\"background-color:#6ea9ce\">La musique a toujours beaucoup compt\u00e9 dans la famille. M\u00eame si ma m\u00e8re n&rsquo;a jamais appris \u00e0 jouer d&rsquo;un instrument, elle a toujours \u00e9t\u00e9 m\u00e9lomane. Mon p\u00e8re jouait du violon, ma soeur du piano, mon fr\u00e8re ain\u00e9 du violoncelle, mon deuxi\u00e8me fr\u00e8re du violon, mon troisi\u00e8me fr\u00e8re n&rsquo;a pas jou\u00e9 d&rsquo;un instrument mais a toujours chant\u00e9, m\u00eame en semi-professionnel. Il n&rsquo;y avait pas de raison que je n&rsquo;en fasse pas autant!<\/p>\n<\/div>\n<\/div>\n\n\n\n<div class=\"wp-block-columns has-background is-layout-flex wp-container-core-columns-is-layout-28f84493 wp-block-columns-is-layout-flex\" style=\"background-color:#262828\">\n<div class=\"wp-block-column is-layout-flow wp-block-column-is-layout-flow\">\n<p class=\"has-vivid-red-color has-text-color has-background\" style=\"background-color:#6ea9ce\"><a href=\"https:\/\/mstefw.website\/?page_id=873\">Mes d\u00e9buts a<\/a><a href=\"https:\/\/naswlt.synology.me\/wordpress\/index.php\/les-debuts\/\">u violon<\/a><\/p>\n<\/div>\n<\/div>\n","protected":false},"excerpt":{"rendered":"<p>La musique a toujours beaucoup compt\u00e9 dans la famille. M\u00eame si ma m\u00e8re n&rsquo;a jamais appris \u00e0 jouer d&rsquo;un instrument, elle a toujours \u00e9t\u00e9 m\u00e9lomane. Mon p\u00e8re jouait du violon, ma soeur du piano, mon fr\u00e8re ain\u00e9 du violoncelle, mon deuxi\u00e8me fr\u00e8re du violon, mon troisi\u00e8me fr\u00e8re n&rsquo;a pas jou\u00e9 d&rsquo;un instrument mais a toujours [&hellip;]<\/p>\n","protected":false},"author":1,"featured_media":0,"parent":0,"menu_order":0,"comment_status":"closed","ping_status":"closed","template":"","meta":{"footnotes":""},"class_list":["post-792","page","type-page","status-publish","hentry"],"_links":{"self":[{"href":"https:\/\/mstefw.website\/index.php?rest_route=\/wp\/v2\/pages\/792","targetHints":{"allow":["GET"]}}],"collection":[{"href":"https:\/\/mstefw.website\/index.php?rest_route=\/wp\/v2\/pages"}],"about":[{"href":"https:\/\/mstefw.website\/index.php?rest_route=\/wp\/v2\/types\/page"}],"author":[{"embeddable":true,"href":"https:\/\/mstefw.website\/index.php?rest_route=\/wp\/v2\/users\/1"}],"replies":[{"embeddable":true,"href":"https:\/\/mstefw.website\/index.php?rest_route=%2Fwp%2Fv2%2Fcomments&post=792"}],"version-history":[{"count":0,"href":"https:\/\/mstefw.website\/index.php?rest_route=\/wp\/v2\/pages\/792\/revisions"}],"wp:attachment":[{"href":"https:\/\/mstefw.website\/index.php?rest_route=%2Fwp%2Fv2%2Fmedia&parent=792"}],"curies":[{"name":"wp","href":"https:\/\/api.w.org\/{rel}","templated":true}]}}