{"id":873,"date":"2023-03-15T16:44:50","date_gmt":"2023-03-15T16:44:50","guid":{"rendered":"https:\/\/mstefw.website\/?page_id=873"},"modified":"2023-03-21T16:55:17","modified_gmt":"2023-03-21T16:55:17","slug":"les-debuts-au-violon","status":"publish","type":"page","link":"https:\/\/mstefw.website\/?page_id=873","title":{"rendered":"Les d\u00e9buts au violon"},"content":{"rendered":"\n<div class=\"wp-block-columns alignwide has-background is-layout-flex wp-container-core-columns-is-layout-28f84493 wp-block-columns-is-layout-flex\" style=\"background-color:#262828\">\n<div class=\"wp-block-column is-layout-flow wp-block-column-is-layout-flow\">\n<div class=\"wp-block-columns alignwide is-layout-flex wp-container-core-columns-is-layout-28f84493 wp-block-columns-is-layout-flex\">\n<div class=\"wp-block-column is-layout-flow wp-block-column-is-layout-flow\">\n<div class=\"wp-block-columns is-layout-flex wp-container-core-columns-is-layout-28f84493 wp-block-columns-is-layout-flex\">\n<div class=\"wp-block-column is-vertically-aligned-center is-layout-flow wp-block-column-is-layout-flow\">\n<p class=\"has-background\" style=\"background-color:#6ba9ce\">J&rsquo;ai donc commenc\u00e9 le violon \u00e0 l&rsquo;\u00e2ge de huit ans.<\/p>\n<\/div>\n\n\n\n<div class=\"wp-block-column is-layout-flow wp-block-column-is-layout-flow\">\n<figure class=\"wp-block-image alignright size-large is-resized\"><img loading=\"lazy\" decoding=\"async\" src=\"https:\/\/mstefw.website\/wp-content\/uploads\/2023\/03\/violon3-1024x733.jpg\" alt=\"\" class=\"wp-image-876\" width=\"211\" height=\"150\" srcset=\"https:\/\/mstefw.website\/wp-content\/uploads\/2023\/03\/violon3-1024x733.jpg 1024w, https:\/\/mstefw.website\/wp-content\/uploads\/2023\/03\/violon3-300x215.jpg 300w, https:\/\/mstefw.website\/wp-content\/uploads\/2023\/03\/violon3-768x550.jpg 768w, https:\/\/mstefw.website\/wp-content\/uploads\/2023\/03\/violon3-1536x1100.jpg 1536w, https:\/\/mstefw.website\/wp-content\/uploads\/2023\/03\/violon3-1200x859.jpg 1200w, https:\/\/mstefw.website\/wp-content\/uploads\/2023\/03\/violon3-1980x1418.jpg 1980w, https:\/\/mstefw.website\/wp-content\/uploads\/2023\/03\/violon3.jpg 2000w\" sizes=\"auto, (max-width: 211px) 100vw, 211px\" \/><\/figure>\n<\/div>\n<\/div>\n<\/div>\n<\/div>\n\n\n\n<div class=\"wp-block-columns is-layout-flex wp-container-core-columns-is-layout-28f84493 wp-block-columns-is-layout-flex\">\n<div class=\"wp-block-column is-layout-flow wp-block-column-is-layout-flow\">\n<div class=\"wp-block-columns alignwide is-layout-flex wp-container-core-columns-is-layout-28f84493 wp-block-columns-is-layout-flex\">\n<div class=\"wp-block-column is-layout-flow wp-block-column-is-layout-flow\">\n<p class=\"has-background\" style=\"background-color:#6ba9ce\">Ma professeure \u00e9tait une femme d&rsquo;un certain \u00e2ge, tr\u00e8s gentille mais avec des m\u00e9thodes, disons\u2026, qui n&rsquo;\u00e9taient pas d&rsquo;avant-garde. Dur dur!<\/p>\n<\/div>\n<\/div>\n\n\n\n<div class=\"wp-block-columns alignwide is-layout-flex wp-container-core-columns-is-layout-28f84493 wp-block-columns-is-layout-flex\">\n<div class=\"wp-block-column is-layout-flow wp-block-column-is-layout-flow\">\n<p class=\"has-background\" style=\"background-color:#6ba9ce\">Apr\u00e8s dix ans de cours j&rsquo;ai eu la chance de pouvoir jouer en orchestre pendant 2 ans. La premi\u00e8re ann\u00e9e j&rsquo;ai fait partie d&rsquo;un orchestre symphonique amateur, un des meilleurs de Paris. L&rsquo;ann\u00e9e s&rsquo;est termin\u00e9e par un tr\u00e8s beau concert \u00e0 la salle Gaveau. Puis l&rsquo;ann\u00e9e suivante j&rsquo;ai int\u00e9gr\u00e9 un ensemble musical d&rsquo;accompagnement d&rsquo;un ensemble choral.<\/p>\n\n\n\n<div class=\"wp-block-columns is-layout-flex wp-container-core-columns-is-layout-28f84493 wp-block-columns-is-layout-flex\">\n<div class=\"wp-block-column is-layout-flow wp-block-column-is-layout-flow\">\n<p class=\"has-background\" style=\"background-color:#6ba9ce\">Apr\u00e8s notre d\u00e9m\u00e9nagement je n&rsquo;ai pas pu continuer le violon car il n&rsquo;y avait plus de professeur dans la nouvelle \u00e9cole de musique. Je n&rsquo;en ai jamais refait depuis. Parall\u00e8lement je chantais.<\/p>\n<\/div>\n<\/div>\n<\/div>\n<\/div>\n<\/div>\n<\/div>\n<\/div>\n<\/div>\n\n\n\n<div class=\"wp-block-columns is-layout-flex wp-container-core-columns-is-layout-28f84493 wp-block-columns-is-layout-flex\">\n<div class=\"wp-block-column is-layout-flow wp-block-column-is-layout-flow\">\n<div class=\"wp-block-columns has-background is-layout-flex wp-container-core-columns-is-layout-28f84493 wp-block-columns-is-layout-flex\" style=\"background-color:#262828\">\n<div class=\"wp-block-column is-layout-flow wp-block-column-is-layout-flow\">\n<p class=\"has-text-align-center has-vivid-red-color has-text-color has-background\" style=\"background-color:#6ea9ce\"><a href=\"https:\/\/mstefw.website\/?page_id=885\">Le chant<\/a><\/p>\n<\/div>\n<\/div>\n<\/div>\n<\/div>\n","protected":false},"excerpt":{"rendered":"<p>J&rsquo;ai donc commenc\u00e9 le violon \u00e0 l&rsquo;\u00e2ge de huit ans. Ma professeure \u00e9tait une femme d&rsquo;un certain \u00e2ge, tr\u00e8s gentille mais avec des m\u00e9thodes, disons\u2026, qui n&rsquo;\u00e9taient pas d&rsquo;avant-garde. Dur dur! Apr\u00e8s dix ans de cours j&rsquo;ai eu la chance de pouvoir jouer en orchestre pendant 2 ans. La premi\u00e8re ann\u00e9e j&rsquo;ai fait partie d&rsquo;un [&hellip;]<\/p>\n","protected":false},"author":1,"featured_media":0,"parent":0,"menu_order":0,"comment_status":"closed","ping_status":"closed","template":"","meta":{"footnotes":""},"class_list":["post-873","page","type-page","status-publish","hentry"],"_links":{"self":[{"href":"https:\/\/mstefw.website\/index.php?rest_route=\/wp\/v2\/pages\/873","targetHints":{"allow":["GET"]}}],"collection":[{"href":"https:\/\/mstefw.website\/index.php?rest_route=\/wp\/v2\/pages"}],"about":[{"href":"https:\/\/mstefw.website\/index.php?rest_route=\/wp\/v2\/types\/page"}],"author":[{"embeddable":true,"href":"https:\/\/mstefw.website\/index.php?rest_route=\/wp\/v2\/users\/1"}],"replies":[{"embeddable":true,"href":"https:\/\/mstefw.website\/index.php?rest_route=%2Fwp%2Fv2%2Fcomments&post=873"}],"version-history":[{"count":0,"href":"https:\/\/mstefw.website\/index.php?rest_route=\/wp\/v2\/pages\/873\/revisions"}],"wp:attachment":[{"href":"https:\/\/mstefw.website\/index.php?rest_route=%2Fwp%2Fv2%2Fmedia&parent=873"}],"curies":[{"name":"wp","href":"https:\/\/api.w.org\/{rel}","templated":true}]}}