{"id":885,"date":"2023-03-15T17:00:11","date_gmt":"2023-03-15T17:00:11","guid":{"rendered":"https:\/\/mstefw.website\/?page_id=885"},"modified":"2025-06-27T15:04:34","modified_gmt":"2025-06-27T15:04:34","slug":"le-chant","status":"publish","type":"page","link":"https:\/\/mstefw.website\/?page_id=885","title":{"rendered":"Le chant"},"content":{"rendered":"\n<div class=\"wp-block-columns alignwide has-background is-layout-flex wp-container-core-columns-is-layout-28f84493 wp-block-columns-is-layout-flex\" style=\"background-color:#262828\">\n<div class=\"wp-block-column is-layout-flow wp-block-column-is-layout-flow\">\n<p class=\"has-background\" style=\"background-color:#6ba9ce\">Vers l&rsquo;\u00e2ge de 11 ans je chante des n\u00e9gros spirituals (gospel), avec mes fr\u00e8res et des amis. Nous nous inspirons d&rsquo;un groupe tr\u00e8s connu \u00e0 l&rsquo;\u00e9poque, Le Golden Gate Quartet. Nous aurons l&rsquo;occasion de participer \u00e0 un radio-crochet (nous arriverons deuxi\u00e8mes).<\/p>\n\n\n\n<div class=\"wp-block-columns is-layout-flex wp-container-core-columns-is-layout-28f84493 wp-block-columns-is-layout-flex\">\n<div class=\"wp-block-column is-layout-flow wp-block-column-is-layout-flow\">\n<p class=\"has-background\" style=\"background-color:#6ba9ce\">Quelques ann\u00e9es plus tard nous avons l&rsquo;occasion de chanter \u00e0 la t\u00e9l\u00e9vision dans le cadre d&rsquo;une \u00e9mission de concernant les MJC (Maisons des jeunes et de la culture), r\u00e9cemment r\u00e9form\u00e9es.<\/p>\n\n\n\n<p class=\"has-background\" style=\"background-color:#6ba9ce\">J&rsquo;ai fait la fin de ma scolarit\u00e9 en pension dans un coll\u00e8ge religieux. Lors de ma terminale, je monte un groupe de chant avec quelques copains, Un groupe \u00e9galement de Negros Spirituals. A l&rsquo;occasion de la f\u00eate de fin d&rsquo;ann\u00e9e nous chantons quelques morceaux, et \u00e0 notre grand \u00e9tonnement nous sommes tr\u00e8s applaudis. A l&rsquo;issue de ce spectacle, nous \u00e9mettons le souhait de garder un souvenir de cette aventure. Nous d\u00e9cidons de faire un disque microsillon. Le probl\u00e8me est qu&rsquo;\u00e0 cette \u00e9poque c&rsquo;est beaucoup plus difficile et beaucoup plus couteux. Un des pr\u00eatre de l&rsquo;\u00e9cole acceptera de prendre le risque de nous financer. Nous produisons un millier de 33 tours!<\/p>\n\n\n\n<div class=\"wp-block-columns is-layout-flex wp-container-core-columns-is-layout-28f84493 wp-block-columns-is-layout-flex\">\n<div class=\"wp-block-column is-vertically-aligned-center has-background is-layout-flow wp-block-column-is-layout-flow\" style=\"background-color:#a5bad3;flex-basis:66.66%\">\n<p class=\"has-primary-color has-text-color has-background\" style=\"background-color:#a5bad3\">Notre CD \u00ab\u00a0<a href=\"https:\/\/mstefw.website\/?page_id=1039\">Holy Ghost&rsquo;s Singers<\/a>\u00ab\u00a0<\/p>\n<\/div>\n\n\n\n<div class=\"wp-block-column is-layout-flow wp-block-column-is-layout-flow\" style=\"flex-basis:33.33%\">\n<figure class=\"wp-block-image size-large\"><a href=\"https:\/\/mstefw.website\/?page_id=1039\"><img loading=\"lazy\" decoding=\"async\" width=\"1024\" height=\"1015\" src=\"https:\/\/mstefw.website\/wp-content\/uploads\/2023\/03\/Jacquette-HGS-1024x1015.jpg\" alt=\"\" class=\"wp-image-1050\" srcset=\"https:\/\/mstefw.website\/wp-content\/uploads\/2023\/03\/Jacquette-HGS-1024x1015.jpg 1024w, https:\/\/mstefw.website\/wp-content\/uploads\/2023\/03\/Jacquette-HGS-300x297.jpg 300w, https:\/\/mstefw.website\/wp-content\/uploads\/2023\/03\/Jacquette-HGS-150x150.jpg 150w, https:\/\/mstefw.website\/wp-content\/uploads\/2023\/03\/Jacquette-HGS-768x761.jpg 768w, https:\/\/mstefw.website\/wp-content\/uploads\/2023\/03\/Jacquette-HGS-1200x1190.jpg 1200w, https:\/\/mstefw.website\/wp-content\/uploads\/2023\/03\/Jacquette-HGS.jpg 1417w\" sizes=\"auto, (max-width: 1024px) 100vw, 1024px\" \/><\/a><\/figure>\n<\/div>\n<\/div>\n\n\n\n<div class=\"wp-block-columns is-layout-flex wp-container-core-columns-is-layout-28f84493 wp-block-columns-is-layout-flex\">\n<div class=\"wp-block-column is-layout-flow wp-block-column-is-layout-flow\">\n<p class=\"has-primary-color has-text-color has-background\" style=\"background-color:#6ba9ce\">Plus tard je participe \u00e0 plusieurs chorales, dont la derni\u00e8re, <a href=\"https:\/\/mstefw.website\/?page_id=1011\">Melodioso<\/a>,  dans laquelle je reste plusieurs ann\u00e9es. Nous faisons quelques concerts.<\/p>\n\n\n\n<div class=\"wp-block-columns is-layout-flex wp-container-core-columns-is-layout-28f84493 wp-block-columns-is-layout-flex\">\n<div class=\"wp-block-column is-vertically-aligned-center is-layout-flow wp-block-column-is-layout-flow\" style=\"flex-basis:66.66%\">\n<p class=\"has-primary-color has-text-color has-background\" style=\"background-color:#a5bad3\"><a href=\"https:\/\/mstefw.website\/?page_id=1011\">Melodioso, nos meilleurs morceaux<\/a><\/p>\n<\/div>\n\n\n\n<div class=\"wp-block-column is-layout-flow wp-block-column-is-layout-flow\" style=\"flex-basis:33.33%\">\n<figure class=\"wp-block-image size-large\"><a href=\"https:\/\/mstefw.website\/?page_id=1011\"><img loading=\"lazy\" decoding=\"async\" width=\"1024\" height=\"1024\" src=\"https:\/\/mstefw.website\/wp-content\/uploads\/2023\/03\/Jacquette-melodioso-1024x1024.jpg\" alt=\"\" class=\"wp-image-1051\" srcset=\"https:\/\/mstefw.website\/wp-content\/uploads\/2023\/03\/Jacquette-melodioso-1024x1024.jpg 1024w, https:\/\/mstefw.website\/wp-content\/uploads\/2023\/03\/Jacquette-melodioso-300x300.jpg 300w, https:\/\/mstefw.website\/wp-content\/uploads\/2023\/03\/Jacquette-melodioso-150x150.jpg 150w, https:\/\/mstefw.website\/wp-content\/uploads\/2023\/03\/Jacquette-melodioso-768x768.jpg 768w, https:\/\/mstefw.website\/wp-content\/uploads\/2023\/03\/Jacquette-melodioso-1200x1200.jpg 1200w, https:\/\/mstefw.website\/wp-content\/uploads\/2023\/03\/Jacquette-melodioso.jpg 1417w\" sizes=\"auto, (max-width: 1024px) 100vw, 1024px\" \/><\/a><\/figure>\n<\/div>\n<\/div>\n<\/div>\n<\/div>\n<\/div>\n<\/div>\n<\/div>\n<\/div>\n\n\n\n<div class=\"wp-block-columns has-background is-layout-flex wp-container-core-columns-is-layout-28f84493 wp-block-columns-is-layout-flex\" style=\"background-color:#262828\">\n<div class=\"wp-block-column is-layout-flow wp-block-column-is-layout-flow\">\n<p class=\"has-text-align-center has-accent-color has-text-color has-background\" style=\"background-color:#6ea9ce\"><a href=\"https:\/\/mstefw.website\/?page_id=887\">L&rsquo;orgue<\/a><\/p>\n<\/div>\n<\/div>\n\n\n\n<div class=\"wp-block-columns is-layout-flex wp-container-core-columns-is-layout-28f84493 wp-block-columns-is-layout-flex\">\n<div class=\"wp-block-column is-layout-flow wp-block-column-is-layout-flow\"><\/div>\n\n\n\n<div class=\"wp-block-column is-layout-flow wp-block-column-is-layout-flow\"><\/div>\n<\/div>\n","protected":false},"excerpt":{"rendered":"<p>Vers l&rsquo;\u00e2ge de 11 ans je chante des n\u00e9gros spirituals (gospel), avec mes fr\u00e8res et des amis. Nous nous inspirons d&rsquo;un groupe tr\u00e8s connu \u00e0 l&rsquo;\u00e9poque, Le Golden Gate Quartet. Nous aurons l&rsquo;occasion de participer \u00e0 un radio-crochet (nous arriverons deuxi\u00e8mes). Quelques ann\u00e9es plus tard nous avons l&rsquo;occasion de chanter \u00e0 la t\u00e9l\u00e9vision dans le [&hellip;]<\/p>\n","protected":false},"author":1,"featured_media":0,"parent":0,"menu_order":0,"comment_status":"closed","ping_status":"closed","template":"","meta":{"footnotes":""},"class_list":["post-885","page","type-page","status-publish","hentry"],"_links":{"self":[{"href":"https:\/\/mstefw.website\/index.php?rest_route=\/wp\/v2\/pages\/885","targetHints":{"allow":["GET"]}}],"collection":[{"href":"https:\/\/mstefw.website\/index.php?rest_route=\/wp\/v2\/pages"}],"about":[{"href":"https:\/\/mstefw.website\/index.php?rest_route=\/wp\/v2\/types\/page"}],"author":[{"embeddable":true,"href":"https:\/\/mstefw.website\/index.php?rest_route=\/wp\/v2\/users\/1"}],"replies":[{"embeddable":true,"href":"https:\/\/mstefw.website\/index.php?rest_route=%2Fwp%2Fv2%2Fcomments&post=885"}],"version-history":[{"count":2,"href":"https:\/\/mstefw.website\/index.php?rest_route=\/wp\/v2\/pages\/885\/revisions"}],"predecessor-version":[{"id":1355,"href":"https:\/\/mstefw.website\/index.php?rest_route=\/wp\/v2\/pages\/885\/revisions\/1355"}],"wp:attachment":[{"href":"https:\/\/mstefw.website\/index.php?rest_route=%2Fwp%2Fv2%2Fmedia&parent=885"}],"curies":[{"name":"wp","href":"https:\/\/api.w.org\/{rel}","templated":true}]}}