{"id":887,"date":"2023-03-15T17:00:30","date_gmt":"2023-03-15T17:00:30","guid":{"rendered":"https:\/\/mstefw.website\/?page_id=887"},"modified":"2023-03-23T16:26:42","modified_gmt":"2023-03-23T16:26:42","slug":"lorgue","status":"publish","type":"page","link":"https:\/\/mstefw.website\/?page_id=887","title":{"rendered":"L&rsquo;orgue"},"content":{"rendered":"\n<div class=\"wp-block-columns alignwide is-layout-flex wp-container-core-columns-is-layout-28f84493 wp-block-columns-is-layout-flex\">\n<div class=\"wp-block-column has-background is-layout-flow wp-block-column-is-layout-flow\" style=\"background-color:#262828\">\n<p class=\"has-cyan-bluish-gray-background-color has-background\">J&rsquo;ai toujours \u00e9t\u00e9 fascin\u00e9 par l&rsquo;orgue, cet instrument si puissant et si complet que l&rsquo;on peut dire que c&rsquo;est un orchestre \u00e0 lui tout  seul!<\/p>\n\n\n\n<p class=\"has-cyan-bluish-gray-background-color has-background\">Apr\u00e8s avoir cess\u00e9 mon activit\u00e9 professionnelle, j&rsquo;ai l&rsquo;occasion de rendre visite \u00e0 un organiste habitant pr\u00e8s de chez moi, titulaire des orgues d&rsquo;une \u00e9glise Lyonnaise, ayant effectu\u00e9 une carri\u00e8re internationale. Il deviendra par la suite un tr\u00e8s bon ami. M&rsquo;ayant conseill\u00e9 de commencer par quelques ann\u00e9es de piano, je vais faire 7 ans de piano avec son fils qui est professeur. Puis en septembre 2010, je commence \u00e0 prendre des cours d&rsquo;orgue.<\/p>\n<\/div>\n<\/div>\n\n\n\n<div class=\"wp-block-columns alignwide has-background is-layout-flex wp-container-core-columns-is-layout-28f84493 wp-block-columns-is-layout-flex\" style=\"background-color:#262828\">\n<div class=\"wp-block-column is-layout-flow wp-block-column-is-layout-flow\">\n<p class=\"has-primary-color has-light-green-cyan-background-color has-text-color has-background\">Le 13 janvier 2011 <a href=\"https:\/\/mstefw.website\/wp-content\/uploads\/2023\/03\/01prelude130111.mp3\">Petit pr\u00e9lude<\/a> et <a href=\"https:\/\/mstefw.website\/wp-content\/uploads\/2023\/03\/02petitefugue130111.mp3\">fugue<\/a> tir\u00e9s d&rsquo;un recueil de \u00ab\u00a06 petits pr\u00e9ludes et fugues pour les commen\u00e7ants\u00a0\u00bb de Jean S\u00e9bastien BACH (1685-1750)<\/p>\n\n\n\n<p class=\"has-background-color has-secondary-background-color has-text-color has-background\">Le 22 ao\u00fbt 2011 <a href=\"https:\/\/mstefw.website\/wp-content\/uploads\/2023\/03\/04preludeetfugueBWV558bach220811.mp3\">Pr\u00e9lude et fugue BWV 558<\/a> de Jean S\u00e9bastien BACH (1685-1750)<\/p>\n\n\n\n<p class=\"has-primary-color has-light-green-cyan-background-color has-text-color has-background\">Le 19 septembre 2011 <a href=\"https:\/\/mstefw.website\/wp-content\/uploads\/2023\/03\/05fugueBWV578190911.mp3\">Fugue en sol mineur BWV 578<\/a><a href=\"http:\/\/Le 19 septembre 2011 Fugue en sol mineur BWV 578 de Jean S\u00e9bastien BACH (1685-1750)\"> <\/a>de Jean S\u00e9bastien BACH (1685-1750)<\/p>\n\n\n\n<p class=\"has-background-color has-secondary-background-color has-text-color has-background\">Le 13 ao\u00fbt 2012 <a href=\"https:\/\/mstefw.website\/wp-content\/uploads\/2023\/03\/13fugue130812.mp3\">Fugue en sol mineur BWV 578<\/a><a href=\"http:\/\/Le 13 ao\u00fbt 2012 Fugue en sol mineur BWV 578 de Jean S\u00e9bastien BACH (1685-1750)\"> <\/a>de Jean S\u00e9bastien BACH (1685-1750)<\/p>\n\n\n\n<p class=\"has-primary-color has-light-green-cyan-background-color has-text-color has-background\">Le 27 septembre 2012 <a href=\"https:\/\/mstefw.website\/wp-content\/uploads\/2023\/03\/06passacaille270912.mp3\">Passacaille en r\u00e9 mineur<\/a> de Dietrich BUXTEHUDE (1637-1707)<\/p>\n\n\n\n<p class=\"has-background-color has-secondary-background-color has-text-color has-background\">Le 04 d\u00e9cembre 2012 <a href=\"https:\/\/mstefw.website\/wp-content\/uploads\/2023\/03\/14kommgot041212.mp3\">Choral \u00ab\u00a0Komm, Gott, &#8230; BWV 667<\/a> de Jean-S\u00e9bastien BACH (1685-1750)<\/p>\n\n\n\n<p class=\"has-primary-color has-light-green-cyan-background-color has-text-color has-background\">Le 24 janvier 2013 <a href=\"https:\/\/mstefw.website\/wp-content\/uploads\/2023\/03\/07choralduveilleur240113.mp3\">Choral du veilleur<\/a> de Jean-S\u00e9bastien BACH (1685-1750)<\/p>\n\n\n\n<p class=\"has-background-color has-secondary-background-color has-text-color has-background\">Le 21 mars 2013 <a href=\"https:\/\/mstefw.website\/wp-content\/uploads\/2023\/03\/17preludemendhelsonn210313.mp3\">Pr\u00e9lude du pr\u00e9lude et fugue N\u00b02<\/a> de MENDELSSOHN<\/p>\n\n\n\n<p class=\"has-primary-color has-light-green-cyan-background-color has-text-color has-background\">Le 16 mai 2013 <a href=\"https:\/\/mstefw.website\/wp-content\/uploads\/2023\/03\/15prelude160513.mp3\">Pr\u00e9lude du 1er livre d&rsquo;orgue<\/a> de Jacques BOYVIN en plein jeu<\/p>\n\n\n\n<p class=\"has-background-color has-secondary-background-color has-text-color has-background\">Le 16 mai 2013 <a href=\"https:\/\/mstefw.website\/wp-content\/uploads\/2023\/03\/03fuguesurlhymnedelaviergemariedandrieu160513.mp3\">Fugue sur l&rsquo;hymne de la Vierge Marie<\/a> issu du premier livre d&rsquo;orgue de Jean-Fran\u00e7ois DANDRIEU<\/p>\n\n\n\n<p class=\"has-primary-color has-light-green-cyan-background-color has-text-color has-background\">Le 12 d\u00e9cembre 2014 <a href=\"https:\/\/mstefw.website\/wp-content\/uploads\/2023\/03\/16concertodelsignorvivaldi121214.mp3\">Concerto del signor Vivaldi<\/a> de G.F. WALTHER 1er mouvement<\/p>\n\n\n\n<p class=\"has-background-color has-secondary-background-color has-text-color has-background\">Le 09 juillet 2015 <a href=\"https:\/\/mstefw.website\/wp-content\/uploads\/2023\/03\/20chaconnecouperin090715.mp3\">Chaconne<\/a> de Louis COUPERIN<\/p>\n\n\n\n<p class=\"has-primary-color has-light-green-cyan-background-color has-text-color has-background\">Le 09 juillet 2015 <a href=\"https:\/\/mstefw.website\/wp-content\/uploads\/2023\/03\/21toccataetfugueenremineur090715.mp3\">Toccata et fugue en r\u00e9 mineur BWV 565<\/a> de Jean-S\u00e9bastien BACH (1685-1750)<\/p>\n\n\n\n<p class=\"has-background-color has-secondary-background-color has-text-color has-background\">Le 27 ao\u00fbt 2015 <a href=\"https:\/\/mstefw.website\/wp-content\/uploads\/2023\/03\/26concertobachvivaldi270815-1.mp3\">Concerto BWV 593 d&rsquo;apr\u00e8s Vivaldi\u00a0\u00bb<\/a> de Jean-S\u00e9bastien BACH<\/p>\n\n\n\n<p class=\"has-primary-color has-light-green-cyan-background-color has-text-color has-background\">Le 27 ao\u00fbt 2015 <a href=\"https:\/\/mstefw.website\/wp-content\/uploads\/2023\/03\/25aria270815.mp3\">Aria Sacra \u00ab\u00a0Du bist bei mir\u00a0\u00bb<\/a> de Jean-S\u00e9bastien BACH<\/p>\n\n\n\n<p class=\"has-background-color has-secondary-background-color has-text-color has-background\">Le 27 ao\u00fbt 2015 <a href=\"https:\/\/mstefw.website\/wp-content\/uploads\/2023\/03\/24sonatina270815.mp3\">Sonatina en si b\u00e9mol majeur de la cantate BWV 106<\/a> de Jean-S\u00e9bastien BACH<\/p>\n\n\n\n<p class=\"has-primary-color has-light-green-cyan-background-color has-text-color has-background\">Le 16 septembre 2016 <a href=\"https:\/\/mstefw.website\/wp-content\/uploads\/2023\/03\/11toccatadorienne160916.mp3\">Toccata et fugue en r\u00e9 mineur<\/a> de Jean-S\u00e9bastien BACH dite \u00ab\u00a0Dorienne\u00a0\u00bb (toccata)<\/p>\n\n\n\n<p class=\"has-background-color has-secondary-background-color has-text-color has-background\">Le 16 septembre 2016 <a href=\"https:\/\/mstefw.website\/wp-content\/uploads\/2023\/03\/18sonateentrio160916.mp3\">Sonate en trio en si mineur BWV 528 (Andante)<\/a> de Jean-S\u00e9bastien BACH<\/p>\n\n\n\n<p class=\"has-primary-color has-light-green-cyan-background-color has-text-color has-background\">Le 16 septembre 2016 <a href=\"https:\/\/mstefw.website\/wp-content\/uploads\/2023\/03\/27pastorale180916.mp3\">Pastorale BWV 590 (premier mouvement)<\/a> de Jean-S\u00e9bastien BACH<\/p>\n\n\n\n<p class=\"has-background-color has-secondary-background-color has-text-color has-background\">Le 1er ao\u00fbt 2016 <a href=\"https:\/\/mstefw.website\/wp-content\/uploads\/2023\/03\/29rigaudon010816.mp3\">Rigaudon<\/a> de Andr\u00e9 CAMPRA<\/p>\n\n\n\n<p class=\"has-primary-color has-light-green-cyan-background-color has-text-color has-background\">Le 25 juillet 2017 <a href=\"https:\/\/mstefw.website\/wp-content\/uploads\/2023\/03\/23vaterunserimhimmelreich250717.mp3\">Choral \u00ab\u00a0Vater unser im himmelreich \u00ab\u00a0<\/a> de Georg BO\u00cbHM<\/p>\n\n\n\n<p class=\"has-background-color has-secondary-background-color has-text-color has-background\">Le 28 septembre 2017 <a href=\"https:\/\/mstefw.website\/wp-content\/uploads\/2023\/03\/30fantaisieetfugue280917.mp3\">Fantaisie et fugue en sol mineur BWV 542<\/a><a rel=\"noreferrer noopener\" href=\"\/\/\/\/\/naswlt\/photo\/frederic\/monsitefw\/orgue\/30fantaisieetfugue280917.mp3\" target=\"_blank\"> <\/a>de Jean-S\u00e9bastien BACH<\/p>\n\n\n\n<div class=\"wp-block-columns is-layout-flex wp-container-core-columns-is-layout-28f84493 wp-block-columns-is-layout-flex\">\n<div class=\"wp-block-column has-background is-layout-flow wp-block-column-is-layout-flow\" style=\"background-color:#262828;flex-basis:66.66%\">\n<p class=\"has-cyan-bluish-gray-background-color has-background\">Enregistrements en public<\/p>\n<\/div>\n\n\n\n<div class=\"wp-block-column is-layout-flow wp-block-column-is-layout-flow\" style=\"flex-basis:33.33%\"><\/div>\n<\/div>\n\n\n\n<p class=\"has-primary-color has-light-green-cyan-background-color has-text-color has-background\">Le 20 septembre 2015 en concert <a href=\"https:\/\/mstefw.website\/wp-content\/uploads\/2023\/03\/22variationpartitaBACH200915.mp3\">Derni\u00e8re variation de la partita pour orgue<\/a> de Jean-S\u00e9bastien BACH<\/p>\n\n\n\n<p class=\"has-background-color has-secondary-background-color has-text-color has-background\">Le 20 septembre 2015 en concert <a href=\"https:\/\/mstefw.website\/wp-content\/uploads\/2023\/03\/23vaterunserimhimmelreich200915.mp3\">Choral \u00ab\u00a0Vater unser im himmelreich \u00ab\u00a0<\/a> de Georg BO\u00cbHM<\/p>\n\n\n\n<p class=\"has-primary-color has-light-green-cyan-background-color has-text-color has-background\">Le 20 septembre 2015 en concert <a href=\"https:\/\/mstefw.website\/wp-content\/uploads\/2023\/03\/26concertobachvivaldi200915.mp3\">Concerto BWV 593 d&rsquo;apr\u00e8s Vivaldi\u00a0\u00bb<\/a> de Jean-S\u00e9bastien BACH<\/p>\n\n\n\n<p class=\"has-background-color has-secondary-background-color has-text-color has-background\">Le 18 septembre 2016 en concert <a href=\"https:\/\/mstefw.website\/wp-content\/uploads\/2023\/03\/27pastorale180916.mp3\">Pastorale BWV 590 (premier mouvement)<\/a> de Jean-S\u00e9bastien BACH<\/p>\n\n\n\n<p class=\"has-primary-color has-light-green-cyan-background-color has-text-color has-background\">Le 18 septembre 2016 en concert <a href=\"https:\/\/mstefw.website\/wp-content\/uploads\/2023\/03\/18sonateentrio180916.mp3\">Sonate en trio en si mineur BWV 528 (Andante)<\/a> de Jean-S\u00e9bastien BACH<\/p>\n\n\n\n<p class=\"has-background-color has-secondary-background-color has-text-color has-background\">Le 17 septembre 2017 en concert <a href=\"https:\/\/mstefw.website\/wp-content\/uploads\/2023\/03\/30fantaisieetfugue170917.mp3\">Fantaisie et fugue en sol mineur BWV 542<\/a><a rel=\"noreferrer noopener\" href=\"\/\/\/\/\/naswlt\/photo\/frederic\/monsitefw\/orgue\/30fantaisieetfugue170917.mp3\" target=\"_blank\"> <\/a>de Jean-S\u00e9bastien BACH (Enregistrement mono tr\u00e8s mauvais)<\/p>\n\n\n\n<p class=\"has-primary-color has-light-green-cyan-background-color has-text-color has-background\">Le 16 septembre 2018 en concert <a href=\"https:\/\/mstefw.website\/wp-content\/uploads\/2023\/03\/32sonate160918.mp3\">Sonate en r\u00e9 majeur Wq 70.5<\/a> de Carl Philipp Emanuel BACH<\/p>\n\n\n\n<p class=\"has-background-color has-secondary-background-color has-text-color has-background\">Le 16 septembre 2018 en concert <a href=\"https:\/\/mstefw.website\/wp-content\/uploads\/2023\/03\/31chaconne160918.mp3\">Chaconne en fa mineur<\/a> de Johann PACHELBEL<\/p>\n\n\n\n<p class=\"has-primary-color has-light-green-cyan-background-color has-text-color has-background\">Le 22 septembre 2019 en concert <a href=\"https:\/\/mstefw.website\/wp-content\/uploads\/2023\/03\/14kommgot220919.mp3\">Choral \u00ab\u00a0Komm, Gott, &#8230; BWV 667<\/a> de Jean-S\u00e9bastien BACH<\/p>\n\n\n\n<p class=\"has-background-color has-secondary-background-color has-text-color has-background\">Le 22 septembre 2019 en concert <a href=\"https:\/\/mstefw.website\/wp-content\/uploads\/2023\/03\/17preludemendhelsonn220919.mp3\">Pr\u00e9lude du pr\u00e9lude et fugue N\u00b02<\/a> de MENDELSSOHN<\/p>\n<\/div>\n<\/div>\n","protected":false},"excerpt":{"rendered":"<p>J&rsquo;ai toujours \u00e9t\u00e9 fascin\u00e9 par l&rsquo;orgue, cet instrument si puissant et si complet que l&rsquo;on peut dire que c&rsquo;est un orchestre \u00e0 lui tout seul! Apr\u00e8s avoir cess\u00e9 mon activit\u00e9 professionnelle, j&rsquo;ai l&rsquo;occasion de rendre visite \u00e0 un organiste habitant pr\u00e8s de chez moi, titulaire des orgues d&rsquo;une \u00e9glise Lyonnaise, ayant effectu\u00e9 une carri\u00e8re internationale. [&hellip;]<\/p>\n","protected":false},"author":1,"featured_media":0,"parent":0,"menu_order":0,"comment_status":"closed","ping_status":"closed","template":"","meta":{"footnotes":""},"class_list":["post-887","page","type-page","status-publish","hentry"],"_links":{"self":[{"href":"https:\/\/mstefw.website\/index.php?rest_route=\/wp\/v2\/pages\/887","targetHints":{"allow":["GET"]}}],"collection":[{"href":"https:\/\/mstefw.website\/index.php?rest_route=\/wp\/v2\/pages"}],"about":[{"href":"https:\/\/mstefw.website\/index.php?rest_route=\/wp\/v2\/types\/page"}],"author":[{"embeddable":true,"href":"https:\/\/mstefw.website\/index.php?rest_route=\/wp\/v2\/users\/1"}],"replies":[{"embeddable":true,"href":"https:\/\/mstefw.website\/index.php?rest_route=%2Fwp%2Fv2%2Fcomments&post=887"}],"version-history":[{"count":0,"href":"https:\/\/mstefw.website\/index.php?rest_route=\/wp\/v2\/pages\/887\/revisions"}],"wp:attachment":[{"href":"https:\/\/mstefw.website\/index.php?rest_route=%2Fwp%2Fv2%2Fmedia&parent=887"}],"curies":[{"name":"wp","href":"https:\/\/api.w.org\/{rel}","templated":true}]}}